{"id":6011,"date":"2023-05-17T14:56:59","date_gmt":"2023-05-17T12:56:59","guid":{"rendered":"https:\/\/castellanaturalmente.ch\/area-stampa\/"},"modified":"2024-02-29T14:55:27","modified_gmt":"2024-02-29T13:55:27","slug":"area-stampa","status":"publish","type":"page","link":"https:\/\/castellanaturalmente.ch\/fr\/area-stampa\/","title":{"rendered":"Espace Presse"},"content":{"rendered":"<section  class=\"DefaultMarginBottomHalf TitoloContainer   TextAlignCenter SiteWidth\">Espace Presse<\/section>\n\n<section  style=\"color:; background-color:\"class=\"BlockWrapperContainer  ParagrafoContainer TextFont18  NoMarginTop DefaultMarginBottom50 NoPaddingBottom NoPaddingTop\"><div class=\"InnerParagrafoContainer SiteWidth\"><p style=\"text-align: center\">C&rsquo;est notre point de contact imm\u00e9diat pour les repr\u00e9sentants de la presse qui ont besoin d&rsquo;informations et de contributions institutionnelles concernant notre entreprise sociale.<\/p><\/div><\/section>\n\n<section  style=\"color:; background-color:\"class=\"BlockWrapperContainer  ParagrafoContainer TextFont18  NoMarginTop DefaultMarginBottom50 NoPaddingBottom NoPaddingTop\"><div class=\"InnerParagrafoContainer SiteWidth\"><p style=\"text-align: center\"><strong>Pour en savoir plus:\r\n<a href=\"mailto:info@castellafarm.ch\">info@castellafarm.ch<\/a>\r\n<a href=\"tel:+41916302234\">+41 91 630 22 34<\/a><\/strong><\/p><\/div><\/section>\n\n<section  style=\"background-color:;\" class=\"BlockWrapperContainer TitoloPulsanteBlock '  NoMarginTop DefaultMarginBottom100 NoPaddingBottom NoPaddingTop SiteWidth'\">\n\t\t\t\t<a style=\"background-color: !important; color:\" class=\"MainButton MainButtonRosa\" href=\"\/wp-content\/uploads\/2024\/02\/BROCHURE-castella-FR-low.pdf\">\n\t\tT\u00c9L\u00c9CHARGER LE MAT\u00c9RIEL D&rsquo;INFORMATION\t<\/a>\n\t<\/section>\n\n<section  class=\"DefaultMarginBottomHalf TitoloContainer   TextAlignCenter SiteWidth\">Ils disent de nous<\/section>\n\n<section  class=\"BlockWrapperContainer ListaIconeContainer SiteWidth ' DefaultMarginTop100 NoMarginBottom NoPaddingBottom NoPaddingTop '\">\n\t\t<div class=\"TitoloContainer\">\n\t\t#TICINOMOMENTS2023\t<\/div>\n\t\t\t<a class=\"MainButton MainButtonRosa\" href=\"\/wp-content\/uploads\/2023\/05\/2minMagazine_06_EN_2023.pdf\">\n\t\tEN SAVOIR PLUS\t<\/a>\n\t<\/section>\n\n<section  class=\"BlockWrapperContainer ListaIconeContainer SiteWidth ' DefaultMarginTop100 NoMarginBottom NoPaddingBottom NoPaddingTop '\">\n\t\t<div class=\"TitoloContainer\">\n\t\t\u201cIMMERSI NEL VERDE\u201d ARTICOLO COOP \u2013 COOPERAZIONE, SETTEMBRE 2021\t<\/div>\n\t\t\t<a class=\"MainButton MainButtonRosa\" href=\"\/wp-content\/uploads\/2023\/05\/Articolo-Coop_Cooperazione_21.09.2021-versione-2.jpg\">\n\t\tEN SAVOIR PLUS\t<\/a>\n\t<\/section>\n\n<section  class=\"BlockWrapperContainer ListaIconeContainer SiteWidth ' DefaultMarginTop100 NoMarginBottom NoPaddingBottom NoPaddingTop '\">\n\t\t<div class=\"TitoloContainer\">\n\t\t\u201cNATURA, ANIMALI E SOLIDARIET\u00c0\u201d ARTICOLO AZIONE SETTIMANALE DELLA MIGROS TICINO, SETTEMBRE 2021\t<\/div>\n\t\t\t<a class=\"MainButton MainButtonRosa\" href=\"\/wp-content\/uploads\/2023\/05\/Azione_settimanale-Migros-Ticino_20.09.2021-versioine-2.jpg\">\n\t\tEN SAVOIR PLUS\t<\/a>\n\t<\/section>\n\n<section  class=\"BlockWrapperContainer ListaIconeContainer SiteWidth ' DefaultMarginTop100 NoMarginBottom NoPaddingBottom NoPaddingTop '\">\n\t\t<div class=\"TitoloContainer\">\n\t\tVACANZE A KM ZERO\u2026 SUL SAN GIORGIO \u2013 RSI (Video integrale della puntata), Luglio 2021\t<\/div>\n\t\t\t<a class=\"MainButton MainButtonRosa\" href=\"https:\/\/www.rsi.ch\/play\/tv\/vacanze-a-km-0\/video\/----sul-monte-san-giorgio?urn=urn:rsi:video:14252991\">\n\t\tEN SAVOIR PLUS\t<\/a>\n\t<\/section>\n\n<section  class=\"BlockWrapperContainer ListaIconeContainer SiteWidth ' DefaultMarginTop100 NoMarginBottom NoPaddingBottom NoPaddingTop '\">\n\t\t<div class=\"TitoloContainer\">\n\t\tVACANZE A KM ZERO\u2026 SUL SAN GIORGIO \u2013 RSI, Luglio 2021\t<\/div>\n\t\t\t<a class=\"MainButton MainButtonRosa\" href=\"https:\/\/www.youtube.com\/watch?v=T_kzy7_8eQA\">\n\t\tEN SAVOIR PLUS\t<\/a>\n\t<\/section>\n\n<section  class=\"BlockWrapperContainer ListaIconeContainer SiteWidth ' DefaultMarginTop100 NoMarginBottom NoPaddingBottom NoPaddingTop '\">\n\t\t<div class=\"TitoloContainer\">\n\t\tUN LUOGO PER TUTTI NELLA NATURA \u2013 RSI, Ottobre 2020\t<\/div>\n\t\t\t<a class=\"MainButton MainButtonRosa\" href=\"https:\/\/www.rsi.ch\/news\/ticino-e-grigioni-e-insubria\/Un-luogo-per-tutti-nella-natura-13599211.html\">\n\t\tEN SAVOIR PLUS\t<\/a>\n\t<\/section>\n\n<section  class=\"BlockWrapperContainer ListaIconeContainer SiteWidth ' DefaultMarginTop100 NoMarginBottom NoPaddingBottom NoPaddingTop '\">\n\t\t<div class=\"TitoloContainer\">\n\t\tPresentazione \u2013 ISST (DECS) \u2013 Repubblica e Cantone Ticino\t<\/div>\n\t\t\t<a class=\"MainButton MainButtonRosa\" href=\"https:\/\/www4.ti.ch\/decs\/ds\/sps\/isst\/progetti\/ca-stella\/ca-stella-presentazione\/\">\n\t\tEN SAVOIR PLUS\t<\/a>\n\t<\/section>\n\n<section  class=\"BlockWrapperContainer ListaIconeContainer SiteWidth ' DefaultMarginTop100 DefaultMarginBottom100 NoPaddingBottom NoPaddingTop '\">\n\t\t<div class=\"TitoloContainer\">\n\t\tCA\u2019 STELLA MERIDE | Architetto Palladino\t<\/div>\n\t\t\t<a class=\"MainButton MainButtonRosa\" href=\"https:\/\/palladino.ch\/project\/ca-stella-meride\/\">\n\t\tEN SAVOIR PLUS\t<\/a>\n\t<\/section>\n\n\n<section  class=\"BlockWrapperContainer ImmagineTestoImmagine DefaultPaddingTop DefaultPaddingBottom FullWidth NoMarginBottom DefaultMarginTop100 \" style=\"background-color:;\">\n\n\t<div class=\"ImmagineTestoImmagineCol ImmagineTestoImmagineCol_1\">\n\t\t<img alt=\"Ca.Stella &amp; Camping del Monte San Giorgio Sagl-campeggio\"src=\"https:\/\/castellanaturalmente.ch\/wp-content\/uploads\/2023\/06\/footer_cavallo.png\"\/>\n\t<\/div>\n\t<div class=\"ImmagineTestoImmagineCol BlockTestoCol\">\n\t\t<p style=\"text-align: center;\">Vous souhaitez en <b>savoir plus<\/b> sur l&rsquo;entreprise sociale?<br \/>\nOu devenir <strong>partenaire <\/strong>?<br \/>\nParlons de!<\/p>\n\t\t<a href=\"https:\/\/castellanaturalmente.ch\/fr\/contactez-nous\/\" class=\"MainButton\">\n\t\t\tCONTACTEZ-NOUS\t\t<\/a>\n\t<\/div>\n\t<div class=\"ImmagineTestoImmagineCol ImmagineTestoImmagineCol_2\">\n\t\t<img decoding=\"async\" alt=\"Ca.Stella &amp; Camping del Monte San Giorgio Sagl - Tenda\" src=\"https:\/\/castellanaturalmente.ch\/wp-content\/uploads\/2023\/06\/footer_pet-therapy.png\"\/>\n\t<\/div>\n<\/section>","protected":false},"excerpt":{"rendered":"","protected":false},"author":1,"featured_media":5126,"parent":0,"menu_order":0,"comment_status":"closed","ping_status":"closed","template":"","meta":{"_acf_changed":false,"footnotes":""},"class_list":["post-6011","page","type-page","status-publish","has-post-thumbnail","hentry"],"acf":[],"yoast_head":"<!-- This site is optimized with the Yoast SEO plugin v27.3 - https:\/\/yoast.com\/product\/yoast-seo-wordpress\/ -->\n<title>Espace Presse - Naturalmente<\/title>\n<meta name=\"robots\" content=\"index, follow, max-snippet:-1, max-image-preview:large, max-video-preview:-1\" \/>\n<link rel=\"canonical\" href=\"https:\/\/castellanaturalmente.ch\/fr\/area-stampa\/\" \/>\n<meta property=\"og:locale\" content=\"fr_FR\" \/>\n<meta property=\"og:type\" content=\"article\" \/>\n<meta property=\"og:title\" content=\"Espace Presse - Naturalmente\" \/>\n<meta property=\"og:url\" content=\"https:\/\/castellanaturalmente.ch\/fr\/area-stampa\/\" \/>\n<meta property=\"og:site_name\" content=\"Naturalmente\" \/>\n<meta property=\"article:modified_time\" content=\"2024-02-29T13:55:27+00:00\" \/>\n<meta property=\"og:image\" content=\"https:\/\/castellanaturalmente.ch\/wp-content\/uploads\/2023\/05\/header-area-stampa-1.jpg\" \/>\n\t<meta property=\"og:image:width\" content=\"1920\" \/>\n\t<meta property=\"og:image:height\" content=\"649\" \/>\n\t<meta property=\"og:image:type\" content=\"image\/jpeg\" \/>\n<meta name=\"twitter:card\" content=\"summary_large_image\" \/>\n<script type=\"application\/ld+json\" class=\"yoast-schema-graph\">{\"@context\":\"https:\\\/\\\/schema.org\",\"@graph\":[{\"@type\":\"WebPage\",\"@id\":\"https:\\\/\\\/castellanaturalmente.ch\\\/fr\\\/area-stampa\\\/\",\"url\":\"https:\\\/\\\/castellanaturalmente.ch\\\/fr\\\/area-stampa\\\/\",\"name\":\"Espace Presse - Naturalmente\",\"isPartOf\":{\"@id\":\"https:\\\/\\\/castellanaturalmente.ch\\\/fr\\\/#website\"},\"primaryImageOfPage\":{\"@id\":\"https:\\\/\\\/castellanaturalmente.ch\\\/fr\\\/area-stampa\\\/#primaryimage\"},\"image\":{\"@id\":\"https:\\\/\\\/castellanaturalmente.ch\\\/fr\\\/area-stampa\\\/#primaryimage\"},\"thumbnailUrl\":\"https:\\\/\\\/castellanaturalmente.ch\\\/wp-content\\\/uploads\\\/2023\\\/05\\\/header-area-stampa-1.jpg\",\"datePublished\":\"2023-05-17T12:56:59+00:00\",\"dateModified\":\"2024-02-29T13:55:27+00:00\",\"breadcrumb\":{\"@id\":\"https:\\\/\\\/castellanaturalmente.ch\\\/fr\\\/area-stampa\\\/#breadcrumb\"},\"inLanguage\":\"fr-FR\",\"potentialAction\":[{\"@type\":\"ReadAction\",\"target\":[\"https:\\\/\\\/castellanaturalmente.ch\\\/fr\\\/area-stampa\\\/\"]}]},{\"@type\":\"ImageObject\",\"inLanguage\":\"fr-FR\",\"@id\":\"https:\\\/\\\/castellanaturalmente.ch\\\/fr\\\/area-stampa\\\/#primaryimage\",\"url\":\"https:\\\/\\\/castellanaturalmente.ch\\\/wp-content\\\/uploads\\\/2023\\\/05\\\/header-area-stampa-1.jpg\",\"contentUrl\":\"https:\\\/\\\/castellanaturalmente.ch\\\/wp-content\\\/uploads\\\/2023\\\/05\\\/header-area-stampa-1.jpg\",\"width\":1920,\"height\":649},{\"@type\":\"BreadcrumbList\",\"@id\":\"https:\\\/\\\/castellanaturalmente.ch\\\/fr\\\/area-stampa\\\/#breadcrumb\",\"itemListElement\":[{\"@type\":\"ListItem\",\"position\":1,\"name\":\"Home\",\"item\":\"https:\\\/\\\/castellanaturalmente.ch\\\/fr\\\/\"},{\"@type\":\"ListItem\",\"position\":2,\"name\":\"Espace Presse\"}]},{\"@type\":\"WebSite\",\"@id\":\"https:\\\/\\\/castellanaturalmente.ch\\\/fr\\\/#website\",\"url\":\"https:\\\/\\\/castellanaturalmente.ch\\\/fr\\\/\",\"name\":\"Naturalmente\",\"description\":\"\",\"publisher\":{\"@id\":\"https:\\\/\\\/castellanaturalmente.ch\\\/fr\\\/#organization\"},\"potentialAction\":[{\"@type\":\"SearchAction\",\"target\":{\"@type\":\"EntryPoint\",\"urlTemplate\":\"https:\\\/\\\/castellanaturalmente.ch\\\/fr\\\/?s={search_term_string}\"},\"query-input\":{\"@type\":\"PropertyValueSpecification\",\"valueRequired\":true,\"valueName\":\"search_term_string\"}}],\"inLanguage\":\"fr-FR\"},{\"@type\":\"Organization\",\"@id\":\"https:\\\/\\\/castellanaturalmente.ch\\\/fr\\\/#organization\",\"name\":\"Naturalmente\",\"url\":\"https:\\\/\\\/castellanaturalmente.ch\\\/fr\\\/\",\"logo\":{\"@type\":\"ImageObject\",\"inLanguage\":\"fr-FR\",\"@id\":\"https:\\\/\\\/castellanaturalmente.ch\\\/fr\\\/#\\\/schema\\\/logo\\\/image\\\/\",\"url\":\"https:\\\/\\\/castellanaturalmente.ch\\\/wp-content\\\/uploads\\\/2023\\\/02\\\/Screenshot-2023-02-13-alle-08.55.23.png\",\"contentUrl\":\"https:\\\/\\\/castellanaturalmente.ch\\\/wp-content\\\/uploads\\\/2023\\\/02\\\/Screenshot-2023-02-13-alle-08.55.23.png\",\"width\":510,\"height\":389,\"caption\":\"Naturalmente\"},\"image\":{\"@id\":\"https:\\\/\\\/castellanaturalmente.ch\\\/fr\\\/#\\\/schema\\\/logo\\\/image\\\/\"}}]}<\/script>\n<!-- \/ Yoast SEO plugin. -->","yoast_head_json":{"title":"Espace Presse - Naturalmente","robots":{"index":"index","follow":"follow","max-snippet":"max-snippet:-1","max-image-preview":"max-image-preview:large","max-video-preview":"max-video-preview:-1"},"canonical":"https:\/\/castellanaturalmente.ch\/fr\/area-stampa\/","og_locale":"fr_FR","og_type":"article","og_title":"Espace Presse - Naturalmente","og_url":"https:\/\/castellanaturalmente.ch\/fr\/area-stampa\/","og_site_name":"Naturalmente","article_modified_time":"2024-02-29T13:55:27+00:00","og_image":[{"width":1920,"height":649,"url":"https:\/\/castellanaturalmente.ch\/wp-content\/uploads\/2023\/05\/header-area-stampa-1.jpg","type":"image\/jpeg"}],"twitter_card":"summary_large_image","schema":{"@context":"https:\/\/schema.org","@graph":[{"@type":"WebPage","@id":"https:\/\/castellanaturalmente.ch\/fr\/area-stampa\/","url":"https:\/\/castellanaturalmente.ch\/fr\/area-stampa\/","name":"Espace Presse - Naturalmente","isPartOf":{"@id":"https:\/\/castellanaturalmente.ch\/fr\/#website"},"primaryImageOfPage":{"@id":"https:\/\/castellanaturalmente.ch\/fr\/area-stampa\/#primaryimage"},"image":{"@id":"https:\/\/castellanaturalmente.ch\/fr\/area-stampa\/#primaryimage"},"thumbnailUrl":"https:\/\/castellanaturalmente.ch\/wp-content\/uploads\/2023\/05\/header-area-stampa-1.jpg","datePublished":"2023-05-17T12:56:59+00:00","dateModified":"2024-02-29T13:55:27+00:00","breadcrumb":{"@id":"https:\/\/castellanaturalmente.ch\/fr\/area-stampa\/#breadcrumb"},"inLanguage":"fr-FR","potentialAction":[{"@type":"ReadAction","target":["https:\/\/castellanaturalmente.ch\/fr\/area-stampa\/"]}]},{"@type":"ImageObject","inLanguage":"fr-FR","@id":"https:\/\/castellanaturalmente.ch\/fr\/area-stampa\/#primaryimage","url":"https:\/\/castellanaturalmente.ch\/wp-content\/uploads\/2023\/05\/header-area-stampa-1.jpg","contentUrl":"https:\/\/castellanaturalmente.ch\/wp-content\/uploads\/2023\/05\/header-area-stampa-1.jpg","width":1920,"height":649},{"@type":"BreadcrumbList","@id":"https:\/\/castellanaturalmente.ch\/fr\/area-stampa\/#breadcrumb","itemListElement":[{"@type":"ListItem","position":1,"name":"Home","item":"https:\/\/castellanaturalmente.ch\/fr\/"},{"@type":"ListItem","position":2,"name":"Espace Presse"}]},{"@type":"WebSite","@id":"https:\/\/castellanaturalmente.ch\/fr\/#website","url":"https:\/\/castellanaturalmente.ch\/fr\/","name":"Naturalmente","description":"","publisher":{"@id":"https:\/\/castellanaturalmente.ch\/fr\/#organization"},"potentialAction":[{"@type":"SearchAction","target":{"@type":"EntryPoint","urlTemplate":"https:\/\/castellanaturalmente.ch\/fr\/?s={search_term_string}"},"query-input":{"@type":"PropertyValueSpecification","valueRequired":true,"valueName":"search_term_string"}}],"inLanguage":"fr-FR"},{"@type":"Organization","@id":"https:\/\/castellanaturalmente.ch\/fr\/#organization","name":"Naturalmente","url":"https:\/\/castellanaturalmente.ch\/fr\/","logo":{"@type":"ImageObject","inLanguage":"fr-FR","@id":"https:\/\/castellanaturalmente.ch\/fr\/#\/schema\/logo\/image\/","url":"https:\/\/castellanaturalmente.ch\/wp-content\/uploads\/2023\/02\/Screenshot-2023-02-13-alle-08.55.23.png","contentUrl":"https:\/\/castellanaturalmente.ch\/wp-content\/uploads\/2023\/02\/Screenshot-2023-02-13-alle-08.55.23.png","width":510,"height":389,"caption":"Naturalmente"},"image":{"@id":"https:\/\/castellanaturalmente.ch\/fr\/#\/schema\/logo\/image\/"}}]}},"_links":{"self":[{"href":"https:\/\/castellanaturalmente.ch\/fr\/wp-json\/wp\/v2\/pages\/6011","targetHints":{"allow":["GET"]}}],"collection":[{"href":"https:\/\/castellanaturalmente.ch\/fr\/wp-json\/wp\/v2\/pages"}],"about":[{"href":"https:\/\/castellanaturalmente.ch\/fr\/wp-json\/wp\/v2\/types\/page"}],"author":[{"embeddable":true,"href":"https:\/\/castellanaturalmente.ch\/fr\/wp-json\/wp\/v2\/users\/1"}],"replies":[{"embeddable":true,"href":"https:\/\/castellanaturalmente.ch\/fr\/wp-json\/wp\/v2\/comments?post=6011"}],"version-history":[{"count":5,"href":"https:\/\/castellanaturalmente.ch\/fr\/wp-json\/wp\/v2\/pages\/6011\/revisions"}],"predecessor-version":[{"id":6801,"href":"https:\/\/castellanaturalmente.ch\/fr\/wp-json\/wp\/v2\/pages\/6011\/revisions\/6801"}],"wp:featuredmedia":[{"embeddable":true,"href":"https:\/\/castellanaturalmente.ch\/fr\/wp-json\/wp\/v2\/media\/5126"}],"wp:attachment":[{"href":"https:\/\/castellanaturalmente.ch\/fr\/wp-json\/wp\/v2\/media?parent=6011"}],"curies":[{"name":"wp","href":"https:\/\/api.w.org\/{rel}","templated":true}]}}