{"id":5899,"date":"2023-02-19T15:31:40","date_gmt":"2023-02-19T14:31:40","guid":{"rendered":"https:\/\/castellanaturalmente.ch\/carta-dei-valori\/"},"modified":"2024-02-29T15:36:51","modified_gmt":"2024-02-29T14:36:51","slug":"notre-charte-des-valeurs","status":"publish","type":"page","link":"https:\/\/castellanaturalmente.ch\/fr\/notre-charte-des-valeurs\/","title":{"rendered":"Notre Charte Des Valeurs"},"content":{"rendered":"<section  class=\"DefaultMarginBottomHalf TitoloContainer   TextAlignCenter SiteWidth\">Notre Charte Des Valeurs <\/section>\n\n<section  style=\"color:; background-color:\"class=\"BlockWrapperContainer  ParagrafoContainer TextFont18  NoMarginTop DefaultMarginBottom100 NoPaddingBottom NoPaddingTop\"><div class=\"InnerParagrafoContainer SiteWidth\"><p style=\"text-align: center\"><strong>CA.STELLA AND CAMPING DEL MONTE SAN GIORGIO SONT UNE ORGANISATION \u00c0 BUT NON LUCRATIF<\/strong><\/p>\r\n<p style=\"text-align: center\">Ca.Stella &amp; Camping Monte San Giorgio sont une structure \u00c0 BUT STRICTEMENT NON LUCRATIF.\r\nNous nous f\u00e9licitons d\u2019\u00eatre en mesure de r\u00e9investir les b\u00e9n\u00e9fices r\u00e9alis\u00e9s par l\u2019Entreprise sociale dans le renforcement de nos activit\u00e9s. Les \u00e9tats financiers de Ca.Stella &amp; Camping Monte San Giorgio sont publics et peuvent \u00eatre consult\u00e9s en tout temps.<\/p><\/div><\/section>\n\n<section  style=\"background-color:\"class=\"BlockWrapperContainer NormalBlock BlockWrapperGruppoMedia  NoMarginTop NoMarginBottom NoPaddingBottom NoPaddingTop FullWidth  NoMargin\"><div class=\"BlockSlider\"><div class=\"BlockSlingleSlide\" style=\"background-image:url(https:\/\/castellanaturalmente.ch\/wp-content\/uploads\/2023\/02\/carta-valori-1.jpg)\"><\/div><\/div>\t\t<div class=\"BlockContent\">\n\t\t\t\t\t\t<div style=\"color:\" class=\"BlockTitolo\">Ca.Stella And Camping Monte San Giorgio Sont Ax\u00e9s Sur Le Social<\/div>\n\t\t\t<div style=\"color:\" class=\"BlockSottotitolo\"><\/div>\n\t\t\t<div style=\"color:\" class=\"BlockText TextFont18\"><p>Nous offrons aux enfants et aux jeunes, ainsi qu\u2019\u00e0 leurs familles, \u00e0 leurs associations, \u00e0 leurs \u00e9coles et \u00e0 leurs groupes d\u2019appartenance, des possibilit\u00e9s de s\u00e9jours et d\u2019activit\u00e9s en compagnie des animaux et en pleine nature.<br \/>\nNotre objectif prioritaire, qui est en fait la raison d\u2019\u00eatre de la structure, est de mettre \u00e0 disposition un lieu permettant aux personnes qui le fr\u00e9quentent de s\u2019engager sur la voie d\u2019une croissance personnelle et sociale, \u00e0 travers les activit\u00e9s propos\u00e9es et en concertation avec les autres. Ca.Stella &amp; Camping Monte San Giorgio s\u2019engagent \u00e0 lutter contre toute forme de discrimination en raison de la nationalit\u00e9, de la couleur de peau, du sexe et de la religion en soutenant les minorit\u00e9s et les personnes les plus discrimin\u00e9es dans le plein respect de l\u2019inclusion des personnes handicap\u00e9es.<\/p>\n<\/div>\n\t\t\t\t\t\t\t\t<\/div>\n\t\t<\/section>\n\n<section  style=\"background-color:\"class=\"BlockWrapperContainer ReverseBlock BlockWrapperGruppoMedia  NoMarginTop NoMarginBottom NoPaddingBottom NoPaddingTop FullWidth  NoMargin\"><div class=\"BlockSlider\"><div class=\"BlockSlingleSlide\" style=\"background-image:url(https:\/\/castellanaturalmente.ch\/wp-content\/uploads\/2023\/02\/carta-valori-2.jpg)\"><\/div><\/div>\t\t<div class=\"BlockContent\">\n\t\t\t\t\t\t<div style=\"color:\" class=\"BlockTitolo\">Ca.Stella And Camping Monte San Giorgio Sont \u00ab \u00c0 Kilom\u00e8tre Z\u00e9ro \u00bb Et \u00c9cologiques<\/div>\n\t\t\t<div style=\"color:\" class=\"BlockSottotitolo\"><\/div>\n\t\t\t<div style=\"color:\" class=\"BlockText TextFont18\"><p>Chez Ca.Stella &amp; Camping Monte San Giorgio, nous travaillons dans tous les domaines dans lesquels nous sommes impliqu\u00e9s afin de r\u00e9duire au minimum notre impact environnemental.<br \/>\nNous suivons une orientation \u00e9cologique dans toutes les activit\u00e9s que nous menons sur la ferme et, chaque fois que cela est possible, nous faisons des choix biologiques en ce qui concerne l\u2019alimentation, la culture des jardins potagers et des plantes fruiti\u00e8res, les achats et les produits de nettoyage.<br \/>\nNous aimons notre territoire et essayons de le valoriser autant que possible. C\u2019est pourquoi nous choisissons la ligne de conduite \u00ab \u00e0 kilom\u00e8tre z\u00e9ro \u00bb et favorisons l\u2019\u00e9conomie locale en collaboration avec les entreprises et exploitations situ\u00e9es sur notre territoire.<\/p>\n<\/div>\n\t\t\t\t\t\t\t\t<\/div>\n\t\t<\/section>\n\n<section  style=\"background-color:#67994d\"class=\"BlockWrapperContainer ReverseBlock BlockWrapperGruppoMedia  NoMarginTop NoMarginBottom NoPaddingBottom DefaultPaddingTop FullWidth  SmallImage\"><div class=\"BlockSlider\"><div class=\"BlockSlingleSlide\" style=\"background-image:url(https:\/\/castellanaturalmente.ch\/wp-content\/uploads\/2023\/02\/carta-valori-3-1.jpg)\"><\/div><\/div>\t\t<div class=\"BlockContent\">\n\t\t\t\t\t\t<div style=\"color:#ffffff\" class=\"BlockTitolo\">Le Respect De L\u2019h\u00f4te<\/div>\n\t\t\t<div style=\"color:#ffffff\" class=\"BlockSottotitolo\"><\/div>\n\t\t\t<div style=\"color:#ffffff\" class=\"BlockText TextFont18\"><p>Nous accueillons tr\u00e8s chaleureusement nos h\u00f4tes et nous nous assurons qu\u2019ils se sentent chez eux, dans une ambiance sereine et familiale empreinte de respect et d\u2019empathie. Nos h\u00f4tes savent qu\u2019ils ont choisi une r\u00e9alit\u00e9 locale enrichie d\u2019une dimension sociale et \u00e9cologique. S\u2019ils le souhaitent, nous partagerons avec eux tous les aspects qui d\u00e9terminent notre choix.<br \/>\nNos h\u00f4tes ont acc\u00e8s \u00e0 une cuisine de qualit\u00e9, saine et authentique, compos\u00e9e d\u2019aliments du terroir, de pr\u00e9f\u00e9rence biologiques, tout en mettant l\u2019accent sur la cuisine v\u00e9g\u00e9tarienne (seulement \u00e0 Ca.Stella FARM) dans le respect des animaux h\u00e9berg\u00e9s par Ca.Stella FARM.<\/p>\n<\/div>\n\t\t\t\t\t\t\t\t<\/div>\n\t\t<\/section>\n\n<section  style=\"background-color:#67994d\"class=\"BlockWrapperContainer NormalBlock BlockWrapperGruppoMedia  NoMarginTop NoMarginBottom NoPaddingBottom NoPaddingTop FullWidth  SmallImage\"><div class=\"BlockSlider\"><div class=\"BlockSlingleSlide\" style=\"background-image:url(https:\/\/castellanaturalmente.ch\/wp-content\/uploads\/2023\/02\/carta-valori-4.jpg)\"><\/div><\/div>\t\t<div class=\"BlockContent\">\n\t\t\t\t\t\t<div style=\"color:#ffffff\" class=\"BlockTitolo\">Le Respect Pour Les Personnes Qui Travaillent<\/div>\n\t\t\t<div style=\"color:#ffffff\" class=\"BlockSottotitolo\"><\/div>\n\t\t\t<div style=\"color:#ffffff\" class=\"BlockText TextFont18\"><p>Les personnes qui travaillent chez Ca.Stella &amp; Camping Monte San Giorgio b\u00e9n\u00e9ficient d\u2019un environnement ouvert et positif et se sentent pleinement accueillies et accompagn\u00e9es au cours des diff\u00e9rentes exp\u00e9riences et des diff\u00e9rents parcours qui y sont propos\u00e9s.<br \/>\nCa.Stella FARM offre des possibilit\u00e9s concr\u00e8tes dans les domaines de la formation, du d\u00e9veloppement, de la croissance professionnelle et personnelle afin d\u2019am\u00e9liorer les comp\u00e9tences. Ca.Stella &amp; Camping Monte San Giorgio s\u2019engagent \u00e0 r\u00e9mun\u00e9rer correctement son personnel en fonction de leur exp\u00e9rience et comp\u00e9tences.<\/p>\n<\/div>\n\t\t\t\t\t\t\t\t<\/div>\n\t\t<\/section>\n\n<section  style=\"background-color:#67994d\"class=\"BlockWrapperContainer ReverseBlock BlockWrapperGruppoMedia  NoMarginTop NoMarginBottom DefaultPaddingBottom NoPaddingTop FullWidth  SmallImage\"><div class=\"BlockSlider\"><div class=\"BlockSlingleSlide\" style=\"background-image:url(https:\/\/castellanaturalmente.ch\/wp-content\/uploads\/2023\/02\/carta-valori-5.jpg)\"><\/div><\/div>\t\t<div class=\"BlockContent\">\n\t\t\t\t\t\t<div style=\"color:#ffffff\" class=\"BlockTitolo\">Le Respect Des Animaux<\/div>\n\t\t\t<div style=\"color:#ffffff\" class=\"BlockSottotitolo\"><\/div>\n\t\t\t<div style=\"color:#ffffff\" class=\"BlockText TextFont18\"><p>Tous les animaux h\u00e9berg\u00e9s par Ca.Stella FARM Camino Spinirolo ont le droit de vivre et de grandir selon le rythme de la nature et dans les conditions de vie et de libert\u00e9 qui sont propres \u00e0 leur esp\u00e8ce. Ces derniers devront \u00eatre trait\u00e9s et nourris de mani\u00e8re attentionn\u00e9e et b\u00e9n\u00e9ficier de soins particuli\u00e8rement attentifs.<\/p>\n<\/div>\n\t\t\t\t\t\t\t\t<\/div>\n\t\t<\/section>\n\n<section  style=\"background-color:\"class=\"BlockWrapperContainer NormalBlock BlockWrapperGruppoMedia  NoMarginTop NoMarginBottom NoPaddingBottom NoPaddingTop FullWidth  NoMargin\"><div class=\"BlockSlider\"><div class=\"BlockSlingleSlide\" style=\"background-image:url(https:\/\/castellanaturalmente.ch\/wp-content\/uploads\/2023\/02\/carta-valori-6.jpg)\"><\/div><\/div>\t\t<div class=\"BlockContent\">\n\t\t\t\t\t\t<div style=\"color:\" class=\"BlockTitolo\">L\u2019innovation Et L\u2019am\u00e9lioration Continue<\/div>\n\t\t\t<div style=\"color:\" class=\"BlockSottotitolo\"><\/div>\n\t\t\t<div style=\"color:\" class=\"BlockText TextFont18\"><p>Nous sommes attentifs \u00e0 toute consid\u00e9ration, critique ou suggestion de la part de nos h\u00f4tes et de notre personnel. Nous travaillons constamment \u00e0 l\u2019am\u00e9lioration de l\u2019offre des services offerts, des processus de travail ainsi que du d\u00e9veloppement sur le plan personnel et professionnel.<\/p>\n<\/div>\n\t\t\t\t\t\t\t\t<\/div>\n\t\t<\/section>\n\n<section  style=\"background-color:\"class=\"BlockWrapperContainer ReverseBlock BlockWrapperGruppoMedia  NoMarginTop NoMarginBottom NoPaddingBottom NoPaddingTop FullWidth  NoMargin\"><div class=\"BlockSlider\"><div class=\"BlockSlingleSlide\" style=\"background-image:url(https:\/\/castellanaturalmente.ch\/wp-content\/uploads\/2023\/02\/carta-valori-7.jpg)\"><\/div><\/div>\t\t<div class=\"BlockContent\">\n\t\t\t\t\t\t<div style=\"color:\" class=\"BlockTitolo\">La Coh\u00e9rence Et La Transparence<\/div>\n\t\t\t<div style=\"color:\" class=\"BlockSottotitolo\"><\/div>\n\t\t\t<div style=\"color:\" class=\"BlockText TextFont18\"><p>L\u2019offre de services, les activit\u00e9s, les processus de travail et la gestion Ca.Stella &amp; Camping Monte San Giorgio r\u00e9pondent avec coh\u00e9rence et transparence aux objectifs et aux valeurs auxquels nous croyons et qui animent notre travail.<\/p>\n<\/div>\n\t\t\t\t\t\t\t\t<\/div>\n\t\t<\/section>\n\n\n<section  class=\"BlockWrapperContainer ImmagineTestoImmagine DefaultPaddingTop DefaultPaddingBottom FullWidth   \" style=\"background-color:#f7f0e6;\">\n\n\t<div class=\"ImmagineTestoImmagineCol ImmagineTestoImmagineCol_1\">\n\t\t<img alt=\"Ca.Stella &amp; Camping del Monte San Giorgio Sagl-campeggio\"src=\"https:\/\/castellanaturalmente.ch\/wp-content\/uploads\/2023\/06\/footer_cavallo.png\"\/>\n\t<\/div>\n\t<div class=\"ImmagineTestoImmagineCol BlockTestoCol\">\n\t\t<p style=\"text-align: center;\">Vous souhaitez en <b>savoir plus<\/b> sur l&rsquo;entreprise sociale?<br \/>\nOu devenir <strong>partenaire <\/strong>?<br \/>\nParlons de!<\/p>\n\t\t<a href=\"https:\/\/castellanaturalmente.ch\/fr\/contactez-nous\/\" class=\"MainButton\">\n\t\t\tCONTACTEZ-NOUS\t\t<\/a>\n\t<\/div>\n\t<div class=\"ImmagineTestoImmagineCol ImmagineTestoImmagineCol_2\">\n\t\t<img decoding=\"async\" alt=\"Ca.Stella &amp; Camping del Monte San Giorgio Sagl - Tenda\" src=\"https:\/\/castellanaturalmente.ch\/wp-content\/uploads\/2023\/06\/footer_pet-therapy.png\"\/>\n\t<\/div>\n<\/section>","protected":false},"excerpt":{"rendered":"","protected":false},"author":1,"featured_media":4262,"parent":0,"menu_order":0,"comment_status":"closed","ping_status":"closed","template":"","meta":{"_acf_changed":false,"footnotes":""},"class_list":["post-5899","page","type-page","status-publish","has-post-thumbnail","hentry"],"acf":[],"yoast_head":"<!-- This site is optimized with the Yoast SEO plugin v27.3 - https:\/\/yoast.com\/product\/yoast-seo-wordpress\/ -->\n<title>Notre Charte Des Valeurs - Naturalmente<\/title>\n<meta name=\"robots\" content=\"index, follow, max-snippet:-1, max-image-preview:large, max-video-preview:-1\" \/>\n<link rel=\"canonical\" href=\"https:\/\/castellanaturalmente.ch\/fr\/notre-charte-des-valeurs\/\" \/>\n<meta property=\"og:locale\" content=\"fr_FR\" \/>\n<meta property=\"og:type\" content=\"article\" \/>\n<meta property=\"og:title\" content=\"Notre Charte Des Valeurs - Naturalmente\" \/>\n<meta property=\"og:url\" content=\"https:\/\/castellanaturalmente.ch\/fr\/notre-charte-des-valeurs\/\" \/>\n<meta property=\"og:site_name\" content=\"Naturalmente\" \/>\n<meta property=\"article:modified_time\" content=\"2024-02-29T14:36:51+00:00\" \/>\n<meta property=\"og:image\" content=\"https:\/\/castellanaturalmente.ch\/wp-content\/uploads\/2023\/02\/carta-1024x346.png\" \/>\n\t<meta property=\"og:image:width\" content=\"1024\" \/>\n\t<meta property=\"og:image:height\" content=\"346\" \/>\n\t<meta property=\"og:image:type\" content=\"image\/png\" \/>\n<meta name=\"twitter:card\" content=\"summary_large_image\" \/>\n<script type=\"application\/ld+json\" class=\"yoast-schema-graph\">{\"@context\":\"https:\\\/\\\/schema.org\",\"@graph\":[{\"@type\":\"WebPage\",\"@id\":\"https:\\\/\\\/castellanaturalmente.ch\\\/fr\\\/notre-charte-des-valeurs\\\/\",\"url\":\"https:\\\/\\\/castellanaturalmente.ch\\\/fr\\\/notre-charte-des-valeurs\\\/\",\"name\":\"Notre Charte Des Valeurs - Naturalmente\",\"isPartOf\":{\"@id\":\"https:\\\/\\\/castellanaturalmente.ch\\\/fr\\\/#website\"},\"primaryImageOfPage\":{\"@id\":\"https:\\\/\\\/castellanaturalmente.ch\\\/fr\\\/notre-charte-des-valeurs\\\/#primaryimage\"},\"image\":{\"@id\":\"https:\\\/\\\/castellanaturalmente.ch\\\/fr\\\/notre-charte-des-valeurs\\\/#primaryimage\"},\"thumbnailUrl\":\"https:\\\/\\\/castellanaturalmente.ch\\\/wp-content\\\/uploads\\\/2023\\\/02\\\/carta.png\",\"datePublished\":\"2023-02-19T14:31:40+00:00\",\"dateModified\":\"2024-02-29T14:36:51+00:00\",\"breadcrumb\":{\"@id\":\"https:\\\/\\\/castellanaturalmente.ch\\\/fr\\\/notre-charte-des-valeurs\\\/#breadcrumb\"},\"inLanguage\":\"fr-FR\",\"potentialAction\":[{\"@type\":\"ReadAction\",\"target\":[\"https:\\\/\\\/castellanaturalmente.ch\\\/fr\\\/notre-charte-des-valeurs\\\/\"]}]},{\"@type\":\"ImageObject\",\"inLanguage\":\"fr-FR\",\"@id\":\"https:\\\/\\\/castellanaturalmente.ch\\\/fr\\\/notre-charte-des-valeurs\\\/#primaryimage\",\"url\":\"https:\\\/\\\/castellanaturalmente.ch\\\/wp-content\\\/uploads\\\/2023\\\/02\\\/carta.png\",\"contentUrl\":\"https:\\\/\\\/castellanaturalmente.ch\\\/wp-content\\\/uploads\\\/2023\\\/02\\\/carta.png\",\"width\":1920,\"height\":649},{\"@type\":\"BreadcrumbList\",\"@id\":\"https:\\\/\\\/castellanaturalmente.ch\\\/fr\\\/notre-charte-des-valeurs\\\/#breadcrumb\",\"itemListElement\":[{\"@type\":\"ListItem\",\"position\":1,\"name\":\"Home\",\"item\":\"https:\\\/\\\/castellanaturalmente.ch\\\/fr\\\/\"},{\"@type\":\"ListItem\",\"position\":2,\"name\":\"Notre Charte Des Valeurs\"}]},{\"@type\":\"WebSite\",\"@id\":\"https:\\\/\\\/castellanaturalmente.ch\\\/fr\\\/#website\",\"url\":\"https:\\\/\\\/castellanaturalmente.ch\\\/fr\\\/\",\"name\":\"Naturalmente\",\"description\":\"\",\"publisher\":{\"@id\":\"https:\\\/\\\/castellanaturalmente.ch\\\/fr\\\/#organization\"},\"potentialAction\":[{\"@type\":\"SearchAction\",\"target\":{\"@type\":\"EntryPoint\",\"urlTemplate\":\"https:\\\/\\\/castellanaturalmente.ch\\\/fr\\\/?s={search_term_string}\"},\"query-input\":{\"@type\":\"PropertyValueSpecification\",\"valueRequired\":true,\"valueName\":\"search_term_string\"}}],\"inLanguage\":\"fr-FR\"},{\"@type\":\"Organization\",\"@id\":\"https:\\\/\\\/castellanaturalmente.ch\\\/fr\\\/#organization\",\"name\":\"Naturalmente\",\"url\":\"https:\\\/\\\/castellanaturalmente.ch\\\/fr\\\/\",\"logo\":{\"@type\":\"ImageObject\",\"inLanguage\":\"fr-FR\",\"@id\":\"https:\\\/\\\/castellanaturalmente.ch\\\/fr\\\/#\\\/schema\\\/logo\\\/image\\\/\",\"url\":\"https:\\\/\\\/castellanaturalmente.ch\\\/wp-content\\\/uploads\\\/2023\\\/02\\\/Screenshot-2023-02-13-alle-08.55.23.png\",\"contentUrl\":\"https:\\\/\\\/castellanaturalmente.ch\\\/wp-content\\\/uploads\\\/2023\\\/02\\\/Screenshot-2023-02-13-alle-08.55.23.png\",\"width\":510,\"height\":389,\"caption\":\"Naturalmente\"},\"image\":{\"@id\":\"https:\\\/\\\/castellanaturalmente.ch\\\/fr\\\/#\\\/schema\\\/logo\\\/image\\\/\"}}]}<\/script>\n<!-- \/ Yoast SEO plugin. -->","yoast_head_json":{"title":"Notre Charte Des Valeurs - Naturalmente","robots":{"index":"index","follow":"follow","max-snippet":"max-snippet:-1","max-image-preview":"max-image-preview:large","max-video-preview":"max-video-preview:-1"},"canonical":"https:\/\/castellanaturalmente.ch\/fr\/notre-charte-des-valeurs\/","og_locale":"fr_FR","og_type":"article","og_title":"Notre Charte Des Valeurs - Naturalmente","og_url":"https:\/\/castellanaturalmente.ch\/fr\/notre-charte-des-valeurs\/","og_site_name":"Naturalmente","article_modified_time":"2024-02-29T14:36:51+00:00","og_image":[{"width":1024,"height":346,"url":"https:\/\/castellanaturalmente.ch\/wp-content\/uploads\/2023\/02\/carta-1024x346.png","type":"image\/png"}],"twitter_card":"summary_large_image","schema":{"@context":"https:\/\/schema.org","@graph":[{"@type":"WebPage","@id":"https:\/\/castellanaturalmente.ch\/fr\/notre-charte-des-valeurs\/","url":"https:\/\/castellanaturalmente.ch\/fr\/notre-charte-des-valeurs\/","name":"Notre Charte Des Valeurs - Naturalmente","isPartOf":{"@id":"https:\/\/castellanaturalmente.ch\/fr\/#website"},"primaryImageOfPage":{"@id":"https:\/\/castellanaturalmente.ch\/fr\/notre-charte-des-valeurs\/#primaryimage"},"image":{"@id":"https:\/\/castellanaturalmente.ch\/fr\/notre-charte-des-valeurs\/#primaryimage"},"thumbnailUrl":"https:\/\/castellanaturalmente.ch\/wp-content\/uploads\/2023\/02\/carta.png","datePublished":"2023-02-19T14:31:40+00:00","dateModified":"2024-02-29T14:36:51+00:00","breadcrumb":{"@id":"https:\/\/castellanaturalmente.ch\/fr\/notre-charte-des-valeurs\/#breadcrumb"},"inLanguage":"fr-FR","potentialAction":[{"@type":"ReadAction","target":["https:\/\/castellanaturalmente.ch\/fr\/notre-charte-des-valeurs\/"]}]},{"@type":"ImageObject","inLanguage":"fr-FR","@id":"https:\/\/castellanaturalmente.ch\/fr\/notre-charte-des-valeurs\/#primaryimage","url":"https:\/\/castellanaturalmente.ch\/wp-content\/uploads\/2023\/02\/carta.png","contentUrl":"https:\/\/castellanaturalmente.ch\/wp-content\/uploads\/2023\/02\/carta.png","width":1920,"height":649},{"@type":"BreadcrumbList","@id":"https:\/\/castellanaturalmente.ch\/fr\/notre-charte-des-valeurs\/#breadcrumb","itemListElement":[{"@type":"ListItem","position":1,"name":"Home","item":"https:\/\/castellanaturalmente.ch\/fr\/"},{"@type":"ListItem","position":2,"name":"Notre Charte Des Valeurs"}]},{"@type":"WebSite","@id":"https:\/\/castellanaturalmente.ch\/fr\/#website","url":"https:\/\/castellanaturalmente.ch\/fr\/","name":"Naturalmente","description":"","publisher":{"@id":"https:\/\/castellanaturalmente.ch\/fr\/#organization"},"potentialAction":[{"@type":"SearchAction","target":{"@type":"EntryPoint","urlTemplate":"https:\/\/castellanaturalmente.ch\/fr\/?s={search_term_string}"},"query-input":{"@type":"PropertyValueSpecification","valueRequired":true,"valueName":"search_term_string"}}],"inLanguage":"fr-FR"},{"@type":"Organization","@id":"https:\/\/castellanaturalmente.ch\/fr\/#organization","name":"Naturalmente","url":"https:\/\/castellanaturalmente.ch\/fr\/","logo":{"@type":"ImageObject","inLanguage":"fr-FR","@id":"https:\/\/castellanaturalmente.ch\/fr\/#\/schema\/logo\/image\/","url":"https:\/\/castellanaturalmente.ch\/wp-content\/uploads\/2023\/02\/Screenshot-2023-02-13-alle-08.55.23.png","contentUrl":"https:\/\/castellanaturalmente.ch\/wp-content\/uploads\/2023\/02\/Screenshot-2023-02-13-alle-08.55.23.png","width":510,"height":389,"caption":"Naturalmente"},"image":{"@id":"https:\/\/castellanaturalmente.ch\/fr\/#\/schema\/logo\/image\/"}}]}},"_links":{"self":[{"href":"https:\/\/castellanaturalmente.ch\/fr\/wp-json\/wp\/v2\/pages\/5899","targetHints":{"allow":["GET"]}}],"collection":[{"href":"https:\/\/castellanaturalmente.ch\/fr\/wp-json\/wp\/v2\/pages"}],"about":[{"href":"https:\/\/castellanaturalmente.ch\/fr\/wp-json\/wp\/v2\/types\/page"}],"author":[{"embeddable":true,"href":"https:\/\/castellanaturalmente.ch\/fr\/wp-json\/wp\/v2\/users\/1"}],"replies":[{"embeddable":true,"href":"https:\/\/castellanaturalmente.ch\/fr\/wp-json\/wp\/v2\/comments?post=5899"}],"version-history":[{"count":5,"href":"https:\/\/castellanaturalmente.ch\/fr\/wp-json\/wp\/v2\/pages\/5899\/revisions"}],"predecessor-version":[{"id":6827,"href":"https:\/\/castellanaturalmente.ch\/fr\/wp-json\/wp\/v2\/pages\/5899\/revisions\/6827"}],"wp:featuredmedia":[{"embeddable":true,"href":"https:\/\/castellanaturalmente.ch\/fr\/wp-json\/wp\/v2\/media\/4262"}],"wp:attachment":[{"href":"https:\/\/castellanaturalmente.ch\/fr\/wp-json\/wp\/v2\/media?parent=5899"}],"curies":[{"name":"wp","href":"https:\/\/api.w.org\/{rel}","templated":true}]}}