{"id":5832,"date":"2023-05-15T16:33:56","date_gmt":"2023-05-15T14:33:56","guid":{"rendered":"https:\/\/castellanaturalmente.ch\/storia\/"},"modified":"2024-02-29T11:37:28","modified_gmt":"2024-02-29T10:37:28","slug":"notre-histoire","status":"publish","type":"page","link":"https:\/\/castellanaturalmente.ch\/fr\/notre-histoire\/","title":{"rendered":"Notre Histoire"},"content":{"rendered":"<section  class=\"DefaultMarginBottomHalf TitoloContainer   TextAlignCenter SiteWidth\">Notre Histoire <\/section>\n\n<section  style=\"color:; background-color:\"class=\"BlockWrapperContainer  ParagrafoContainer TextFont18  NoMarginTop DefaultMarginBottom50 NoPaddingBottom NoPaddingTop\"><div class=\"InnerParagrafoContainer SiteWidth\"><p style=\"text-align: center\">Le projet social de Ca.Stella est n\u00e9e de l\u2019 id\u00e9e\r\net par volont\u00e9 de la Fondation Main dans la Main (MdM).\r\n<br \/><br \/>\r\n<img loading=\"lazy\" decoding=\"async\" class=\"wp-image-5646 aligncenter\" src=\"https:\/\/castellanaturalmente.ch\/wp-content\/uploads\/2023\/06\/mdm.png\" alt=\"\" width=\"171\" height=\"158\" \/><\/p><\/div><\/section>\n\n<section  style=\"background-color:\"class=\"BlockWrapperContainer NormalBlock BlockWrapperGruppoMedia  NoMarginTop NoMarginBottom NoPaddingBottom NoPaddingTop FullWidth  NoMargin\"><div class=\"BlockSlider\"><div class=\"BlockSlingleSlide\" style=\"background-image:url(https:\/\/castellanaturalmente.ch\/wp-content\/uploads\/2023\/05\/storia-1.jpg)\"><\/div><\/div>\t\t<div class=\"BlockContent\">\n\t\t\t\t\t\t<div style=\"color:\" class=\"BlockTitolo\"><\/div>\n\t\t\t<div style=\"color:\" class=\"BlockSottotitolo\"><\/div>\n\t\t\t<div style=\"color:\" class=\"BlockText TextFont18\"><p>Fondation a \u00e9t\u00e9 cr\u00e9\u00e9e en 1998 par Carlo Crocco, \u00e9galement fondateur en 1980 de la prestigieuse marque horlog\u00e8re Suisse Hublot, qui a d\u00e9cid\u00e9, de mani\u00e8re responsable, d&rsquo;investir une partie des b\u00e9n\u00e9fices de son entreprise dans la promotion et le soutien de projets de protection de l&rsquo;enfance pour les enfants les plus pauvres et en difficult\u00e9, des pays en voie de d\u00e9veloppement.<\/p>\n<p>La Fondation a commenc\u00e9 son action en soutenant la cr\u00e9ation de villages solidaires, n\u00e9s pour accueillir les enfants orphelins dans l&rsquo;\u00e9tat du Tamil Nadu, une r\u00e9gion tr\u00e8s pauvre dans le Sud de l\u2019Inde. Le travail de la Fondation en Inde s&rsquo;est \u00e9tendu au fil des ans et finance jusqu\u2019\u00e0 pr\u00e9sant plusieurs projets, qui sont g\u00e9r\u00e9s en \u00e9troite collaboration avec une organisation locale bien \u00e9tablie, la TDH Core Trust, bas\u00e9e \u00e0 Tiruvannamalai.<\/p>\n<p>En 2010, la Fondation a chang\u00e9 ses statuts afin de pouvoir op\u00e9rer et \u00e9tendre ses activit\u00e9s dans le secteur social et de la protection de l&rsquo;enfance aussi en Suisse et en Europe.<\/p>\n<\/div>\n\t\t\t\t\t\t\t\t<\/div>\n\t\t<\/section>\n\n<section  style=\"background-color:\"class=\"BlockWrapperContainer ReverseBlock BlockWrapperGruppoMedia  NoMarginTop NoMarginBottom NoPaddingBottom NoPaddingTop FullWidth  NoMargin\"><div class=\"BlockSlider\"><div class=\"BlockSlingleSlide\" style=\"background-image:url(https:\/\/castellanaturalmente.ch\/wp-content\/uploads\/2023\/05\/storia-2.jpg)\"><\/div><\/div>\t\t<div class=\"BlockContent\">\n\t\t\t\t\t\t<div style=\"color:\" class=\"BlockTitolo\"><\/div>\n\t\t\t<div style=\"color:\" class=\"BlockSottotitolo\"><\/div>\n\t\t\t<div style=\"color:\" class=\"BlockText TextFont18\"><p>Au cours de la derni\u00e8re d\u00e9cennie, la Fondation a entrepris un nouveau projet qui a conduit \u00e0 la r\u00e9novation de Ca.Stella, une ancienne usine qui produisait de l&rsquo;huile de saurolo, situ\u00e9e dans la r\u00e9gion de Meride en Suisse, dans le site de l&rsquo;UNESCO du Monte San Giorgio.<\/p>\n<p>Pendant plusieurs ann\u00e9es, les \u00e9l\u00e8ves des \u00e9coles cantonales sp\u00e9cialis\u00e9es de la r\u00e9gion du Sottoceneri ont \u00e9t\u00e9 impliqu\u00e9s et occup\u00e9s dans \u00ab\u00a0un chantier social\u00a0\u00bb, ce qui leur a permis \u00e0 la fois de grandir et de d\u00e9velopper au maximum leurs capacit\u00e9s de travail, et \u00e0 la Fondation de construire une structure polyvalente qui peut aujourd&rsquo;hui accueillir des jeunes, des \u00e9tudiants, des \u00e9coles et des associations dans un merveilleux espace \u00e0 l\u2019int\u00e9rieur du parc.<\/p>\n<\/div>\n\t\t\t\t\t\t\t\t<\/div>\n\t\t<\/section>\n\n<section  style=\"background-color:#67994d\"class=\"BlockWrapperContainer NormalBlock BlockWrapperGruppoMedia  NoMarginTop NoMarginBottom DefaultPaddingBottom DefaultPaddingTop FullWidth  SmallImage\"><div class=\"BlockSlider\"><div class=\"BlockSlingleSlide\" style=\"background-image:url(https:\/\/castellanaturalmente.ch\/wp-content\/uploads\/2023\/05\/storia-4.jpg)\"><\/div><\/div>\t\t<div class=\"BlockContent\">\n\t\t\t\t\t\t<div style=\"color:#ffffff\" class=\"BlockTitolo\"><\/div>\n\t\t\t<div style=\"color:#ffffff\" class=\"BlockSottotitolo\"><\/div>\n\t\t\t<div style=\"color:#ffffff\" class=\"BlockText TextFont18\"><p>En 2016, la Fondation a d\u00e9cid\u00e9 d&rsquo;acheter le Camping Monte San Giorgio dans le but d&rsquo;\u00e9tendre les activit\u00e9s de Ca.Stella FARM-Camino Spinirolo et de le transformer en une Entreprise Sociale qui pourrait offrir divers d\u00e9bouch\u00e9s professionnels stimulants pour les gar\u00e7ons et les filles (d\u00e9favoris\u00e9s, diff\u00e9remment habilet\u00e9, r\u00e9fugi\u00e9s ou ayant des besoins sp\u00e9ciaux) dans diff\u00e9rents secteurs : de la maintenance \u00e0 l&rsquo;accueil et \u00e0 la restauration.<\/p>\n<p>Le Camping est \u00e9galement situ\u00e9 sur le territoire de Meride, dans le site UNESCO du Monte San Giorgio, pas tr\u00e8s loin de la magnifique structure de Ca.Stella FARM-Camino Spinirolo. La Fondation, gr\u00e2ce \u00e0 sa pr\u00e9sence et son engagement, a r\u00e9alis\u00e9 une nouvelle entreprise sociale \u00ab\u00a0Ca.Stella &amp; Camping Monte San Giorgio Sagl\u00a0\u00bb ayant comme but de consolider l&rsquo;exp\u00e9rience et les synergies de deux projets importants pour les enfants, les jeunes et leurs familles, les associations, les \u00e9coles et les groupes, pas uniquement de la r\u00e9gion du Sottoceneri .<\/p>\n<p>Main dans la Main a aussi financ\u00e9 et soutient deux projets importants en Italie : \u201dla Casa di Rebbio\u201d pour les demandeurs d&rsquo;asile, les immigrants, les jeunes et les familles en difficult\u00e9 et\u201d la Fattoria Pianeta Terra\u201d pour les enfants et les jeunes isol\u00e9s, victimes d&rsquo;abus et de violence, un projet proche de sa concr\u00e9tisation.<\/p>\n<\/div>\n\t\t\t\t\t\t\t\t<\/div>\n\t\t<\/section>\n\n\n<section  class=\"BlockWrapperContainer ImmagineTestoImmagine DefaultPaddingTop DefaultPaddingBottom FullWidth NoMarginBottom NoMarginTop \" style=\"background-color:;\">\n\n\t<div class=\"ImmagineTestoImmagineCol ImmagineTestoImmagineCol_1\">\n\t\t<img alt=\"Ca.Stella &amp; Camping del Monte San Giorgio Sagl-campeggio\"src=\"https:\/\/castellanaturalmente.ch\/wp-content\/uploads\/2023\/06\/footer_cavallo.png\"\/>\n\t<\/div>\n\t<div class=\"ImmagineTestoImmagineCol BlockTestoCol\">\n\t\t<p style=\"text-align: center;\">Vous souhaitez en <b>savoir plus<\/b> sur l&rsquo;entreprise sociale?<br \/>\nOu devenir <strong>partenaire <\/strong>?<br \/>\nParlons de!<\/p>\n\t\t<a href=\"https:\/\/castellanaturalmente.ch\/fr\/contactez-nous\/\" class=\"MainButton\">\n\t\t\tCONTACTEZ-NOUS\t\t<\/a>\n\t<\/div>\n\t<div class=\"ImmagineTestoImmagineCol ImmagineTestoImmagineCol_2\">\n\t\t<img decoding=\"async\" alt=\"Ca.Stella &amp; Camping del Monte San Giorgio Sagl - Tenda\" src=\"https:\/\/castellanaturalmente.ch\/wp-content\/uploads\/2023\/06\/footer_pet-therapy.png\"\/>\n\t<\/div>\n<\/section>","protected":false},"excerpt":{"rendered":"","protected":false},"author":1,"featured_media":4481,"parent":0,"menu_order":0,"comment_status":"closed","ping_status":"closed","template":"","meta":{"_acf_changed":false,"footnotes":""},"class_list":["post-5832","page","type-page","status-publish","has-post-thumbnail","hentry"],"acf":[],"yoast_head":"<!-- This site is optimized with the Yoast SEO plugin v27.0 - https:\/\/yoast.com\/product\/yoast-seo-wordpress\/ -->\n<title>Notre Histoire - Naturalmente<\/title>\n<meta name=\"robots\" content=\"index, follow, max-snippet:-1, max-image-preview:large, max-video-preview:-1\" \/>\n<link rel=\"canonical\" href=\"https:\/\/castellanaturalmente.ch\/fr\/notre-histoire\/\" \/>\n<meta property=\"og:locale\" content=\"fr_FR\" \/>\n<meta property=\"og:type\" content=\"article\" \/>\n<meta property=\"og:title\" content=\"Notre Histoire - Naturalmente\" \/>\n<meta property=\"og:url\" content=\"https:\/\/castellanaturalmente.ch\/fr\/notre-histoire\/\" \/>\n<meta property=\"og:site_name\" content=\"Naturalmente\" \/>\n<meta property=\"article:modified_time\" content=\"2024-02-29T10:37:28+00:00\" \/>\n<meta property=\"og:image\" content=\"https:\/\/castellanaturalmente.ch\/wp-content\/uploads\/2023\/05\/header-storia.jpg\" \/>\n\t<meta property=\"og:image:width\" content=\"1920\" \/>\n\t<meta property=\"og:image:height\" content=\"649\" \/>\n\t<meta property=\"og:image:type\" content=\"image\/jpeg\" \/>\n<meta name=\"twitter:card\" content=\"summary_large_image\" \/>\n<script type=\"application\/ld+json\" class=\"yoast-schema-graph\">{\"@context\":\"https:\/\/schema.org\",\"@graph\":[{\"@type\":\"WebPage\",\"@id\":\"https:\/\/castellanaturalmente.ch\/fr\/notre-histoire\/\",\"url\":\"https:\/\/castellanaturalmente.ch\/fr\/notre-histoire\/\",\"name\":\"Notre Histoire - Naturalmente\",\"isPartOf\":{\"@id\":\"https:\/\/castellanaturalmente.ch\/fr\/#website\"},\"primaryImageOfPage\":{\"@id\":\"https:\/\/castellanaturalmente.ch\/fr\/notre-histoire\/#primaryimage\"},\"image\":{\"@id\":\"https:\/\/castellanaturalmente.ch\/fr\/notre-histoire\/#primaryimage\"},\"thumbnailUrl\":\"https:\/\/castellanaturalmente.ch\/wp-content\/uploads\/2023\/05\/header-storia.jpg\",\"datePublished\":\"2023-05-15T14:33:56+00:00\",\"dateModified\":\"2024-02-29T10:37:28+00:00\",\"breadcrumb\":{\"@id\":\"https:\/\/castellanaturalmente.ch\/fr\/notre-histoire\/#breadcrumb\"},\"inLanguage\":\"fr-FR\",\"potentialAction\":[{\"@type\":\"ReadAction\",\"target\":[\"https:\/\/castellanaturalmente.ch\/fr\/notre-histoire\/\"]}]},{\"@type\":\"ImageObject\",\"inLanguage\":\"fr-FR\",\"@id\":\"https:\/\/castellanaturalmente.ch\/fr\/notre-histoire\/#primaryimage\",\"url\":\"https:\/\/castellanaturalmente.ch\/wp-content\/uploads\/2023\/05\/header-storia.jpg\",\"contentUrl\":\"https:\/\/castellanaturalmente.ch\/wp-content\/uploads\/2023\/05\/header-storia.jpg\",\"width\":1920,\"height\":649},{\"@type\":\"BreadcrumbList\",\"@id\":\"https:\/\/castellanaturalmente.ch\/fr\/notre-histoire\/#breadcrumb\",\"itemListElement\":[{\"@type\":\"ListItem\",\"position\":1,\"name\":\"Home\",\"item\":\"https:\/\/castellanaturalmente.ch\/fr\/\"},{\"@type\":\"ListItem\",\"position\":2,\"name\":\"Notre Histoire\"}]},{\"@type\":\"WebSite\",\"@id\":\"https:\/\/castellanaturalmente.ch\/fr\/#website\",\"url\":\"https:\/\/castellanaturalmente.ch\/fr\/\",\"name\":\"Naturalmente\",\"description\":\"\",\"publisher\":{\"@id\":\"https:\/\/castellanaturalmente.ch\/fr\/#organization\"},\"potentialAction\":[{\"@type\":\"SearchAction\",\"target\":{\"@type\":\"EntryPoint\",\"urlTemplate\":\"https:\/\/castellanaturalmente.ch\/fr\/?s={search_term_string}\"},\"query-input\":{\"@type\":\"PropertyValueSpecification\",\"valueRequired\":true,\"valueName\":\"search_term_string\"}}],\"inLanguage\":\"fr-FR\"},{\"@type\":\"Organization\",\"@id\":\"https:\/\/castellanaturalmente.ch\/fr\/#organization\",\"name\":\"Naturalmente\",\"url\":\"https:\/\/castellanaturalmente.ch\/fr\/\",\"logo\":{\"@type\":\"ImageObject\",\"inLanguage\":\"fr-FR\",\"@id\":\"https:\/\/castellanaturalmente.ch\/fr\/#\/schema\/logo\/image\/\",\"url\":\"https:\/\/castellanaturalmente.ch\/wp-content\/uploads\/2023\/02\/Screenshot-2023-02-13-alle-08.55.23.png\",\"contentUrl\":\"https:\/\/castellanaturalmente.ch\/wp-content\/uploads\/2023\/02\/Screenshot-2023-02-13-alle-08.55.23.png\",\"width\":510,\"height\":389,\"caption\":\"Naturalmente\"},\"image\":{\"@id\":\"https:\/\/castellanaturalmente.ch\/fr\/#\/schema\/logo\/image\/\"}}]}<\/script>\n<!-- \/ Yoast SEO plugin. -->","yoast_head_json":{"title":"Notre Histoire - Naturalmente","robots":{"index":"index","follow":"follow","max-snippet":"max-snippet:-1","max-image-preview":"max-image-preview:large","max-video-preview":"max-video-preview:-1"},"canonical":"https:\/\/castellanaturalmente.ch\/fr\/notre-histoire\/","og_locale":"fr_FR","og_type":"article","og_title":"Notre Histoire - Naturalmente","og_url":"https:\/\/castellanaturalmente.ch\/fr\/notre-histoire\/","og_site_name":"Naturalmente","article_modified_time":"2024-02-29T10:37:28+00:00","og_image":[{"width":1920,"height":649,"url":"https:\/\/castellanaturalmente.ch\/wp-content\/uploads\/2023\/05\/header-storia.jpg","type":"image\/jpeg"}],"twitter_card":"summary_large_image","schema":{"@context":"https:\/\/schema.org","@graph":[{"@type":"WebPage","@id":"https:\/\/castellanaturalmente.ch\/fr\/notre-histoire\/","url":"https:\/\/castellanaturalmente.ch\/fr\/notre-histoire\/","name":"Notre Histoire - Naturalmente","isPartOf":{"@id":"https:\/\/castellanaturalmente.ch\/fr\/#website"},"primaryImageOfPage":{"@id":"https:\/\/castellanaturalmente.ch\/fr\/notre-histoire\/#primaryimage"},"image":{"@id":"https:\/\/castellanaturalmente.ch\/fr\/notre-histoire\/#primaryimage"},"thumbnailUrl":"https:\/\/castellanaturalmente.ch\/wp-content\/uploads\/2023\/05\/header-storia.jpg","datePublished":"2023-05-15T14:33:56+00:00","dateModified":"2024-02-29T10:37:28+00:00","breadcrumb":{"@id":"https:\/\/castellanaturalmente.ch\/fr\/notre-histoire\/#breadcrumb"},"inLanguage":"fr-FR","potentialAction":[{"@type":"ReadAction","target":["https:\/\/castellanaturalmente.ch\/fr\/notre-histoire\/"]}]},{"@type":"ImageObject","inLanguage":"fr-FR","@id":"https:\/\/castellanaturalmente.ch\/fr\/notre-histoire\/#primaryimage","url":"https:\/\/castellanaturalmente.ch\/wp-content\/uploads\/2023\/05\/header-storia.jpg","contentUrl":"https:\/\/castellanaturalmente.ch\/wp-content\/uploads\/2023\/05\/header-storia.jpg","width":1920,"height":649},{"@type":"BreadcrumbList","@id":"https:\/\/castellanaturalmente.ch\/fr\/notre-histoire\/#breadcrumb","itemListElement":[{"@type":"ListItem","position":1,"name":"Home","item":"https:\/\/castellanaturalmente.ch\/fr\/"},{"@type":"ListItem","position":2,"name":"Notre Histoire"}]},{"@type":"WebSite","@id":"https:\/\/castellanaturalmente.ch\/fr\/#website","url":"https:\/\/castellanaturalmente.ch\/fr\/","name":"Naturalmente","description":"","publisher":{"@id":"https:\/\/castellanaturalmente.ch\/fr\/#organization"},"potentialAction":[{"@type":"SearchAction","target":{"@type":"EntryPoint","urlTemplate":"https:\/\/castellanaturalmente.ch\/fr\/?s={search_term_string}"},"query-input":{"@type":"PropertyValueSpecification","valueRequired":true,"valueName":"search_term_string"}}],"inLanguage":"fr-FR"},{"@type":"Organization","@id":"https:\/\/castellanaturalmente.ch\/fr\/#organization","name":"Naturalmente","url":"https:\/\/castellanaturalmente.ch\/fr\/","logo":{"@type":"ImageObject","inLanguage":"fr-FR","@id":"https:\/\/castellanaturalmente.ch\/fr\/#\/schema\/logo\/image\/","url":"https:\/\/castellanaturalmente.ch\/wp-content\/uploads\/2023\/02\/Screenshot-2023-02-13-alle-08.55.23.png","contentUrl":"https:\/\/castellanaturalmente.ch\/wp-content\/uploads\/2023\/02\/Screenshot-2023-02-13-alle-08.55.23.png","width":510,"height":389,"caption":"Naturalmente"},"image":{"@id":"https:\/\/castellanaturalmente.ch\/fr\/#\/schema\/logo\/image\/"}}]}},"_links":{"self":[{"href":"https:\/\/castellanaturalmente.ch\/fr\/wp-json\/wp\/v2\/pages\/5832","targetHints":{"allow":["GET"]}}],"collection":[{"href":"https:\/\/castellanaturalmente.ch\/fr\/wp-json\/wp\/v2\/pages"}],"about":[{"href":"https:\/\/castellanaturalmente.ch\/fr\/wp-json\/wp\/v2\/types\/page"}],"author":[{"embeddable":true,"href":"https:\/\/castellanaturalmente.ch\/fr\/wp-json\/wp\/v2\/users\/1"}],"replies":[{"embeddable":true,"href":"https:\/\/castellanaturalmente.ch\/fr\/wp-json\/wp\/v2\/comments?post=5832"}],"version-history":[{"count":5,"href":"https:\/\/castellanaturalmente.ch\/fr\/wp-json\/wp\/v2\/pages\/5832\/revisions"}],"predecessor-version":[{"id":6668,"href":"https:\/\/castellanaturalmente.ch\/fr\/wp-json\/wp\/v2\/pages\/5832\/revisions\/6668"}],"wp:featuredmedia":[{"embeddable":true,"href":"https:\/\/castellanaturalmente.ch\/fr\/wp-json\/wp\/v2\/media\/4481"}],"wp:attachment":[{"href":"https:\/\/castellanaturalmente.ch\/fr\/wp-json\/wp\/v2\/media?parent=5832"}],"curies":[{"name":"wp","href":"https:\/\/api.w.org\/{rel}","templated":true}]}}