{"id":2178,"date":"2023-02-09T09:17:45","date_gmt":"2023-02-09T08:17:45","guid":{"rendered":"https:\/\/castellanaturalmente.ch\/territory\/monte-san-giorgio-patrimonio-dellunesco\/"},"modified":"2024-02-29T12:08:30","modified_gmt":"2024-02-29T11:08:30","slug":"monte-san-giorgio-a-unesco-world-heritage-site","status":"publish","type":"page","link":"https:\/\/castellanaturalmente.ch\/en\/monte-san-giorgio-a-unesco-world-heritage-site\/","title":{"rendered":"Monte San Giorgio, a UNESCO World Heritage Site"},"content":{"rendered":"<section  class=\"DefaultMarginBottomHalf TitoloContainer   TextAlignLeft SiteWidth\">Monte San Giorgio Patrimonio dell\u2019Unesco<\/section><section  style=\"color:; background-color:\"class=\"BlockWrapperContainer  ParagrafoContainer   NoMarginTop NoMarginBottom NoPaddingBottom NoPaddingTop\"><div class=\"InnerParagrafoContainer SiteWidth\"><p style=\"text-align: left\">Il Monte San Giorgio \u00e8 un rilievo nel sud del Canton Ticino, a cavallo tra Svizzera e Italia. \u00c8 entrato a far parte del Patrimonio Mondiale dell\u2019UNESCO, grazie ad uno dei giacimenti di fossili marini pi\u00f9 importanti al mondo e ad un interessante area geologica.<\/p>\r\n&nbsp;\r\n<p style=\"text-align: left\">\u00c8 possibile rivivere il fascino di questo mondo passato, visitando il <a style=\"color: #dd9d73\" href=\"https:\/\/www.museodeifossili.ch\/index.html\"><strong>Museo dei Fossili a Meride<\/strong><\/a>, il <strong><a style=\"color: #dd9d73\" href=\"https:\/\/www.parco-archeologico.ch\/\">Parco Archeologico di Tremona<\/a><\/strong>, la terrazza panoramica della <strong><a style=\"color: #dd9d73\" href=\"http:\/\/www.montesangiorgio.org\/Territorio\/Val-Mara.html\">Val Mara<\/a><\/strong> ed esplorando le suggestive <strong><a style=\"color: #dd9d73\" href=\"https:\/\/www.cavediarzo.ch\/\">Cave di Arzo<\/a><\/strong>, con il loro anfiteatro naturale.<\/p>\r\n&nbsp;\r\n<p style=\"text-align: left\">Il Monte San Giorgio vanta su tutto il territorio una rete di sentieri escursionistici e percorsi adatti agli amanti della <strong><a style=\"color: #dd9d73\" href=\"https:\/\/www.schweizmobil.ch\/it\/svizzera-a-piedi\/percorsi\/route-0636.html\">Mountain Bike<\/a><\/strong>, che vi porteranno a scoprire il meraviglioso panorama che abbraccia il lago e le montagne visibili dalla sua vetta (mt 1094), il Poncione d\u2019Arzo, l\u2019Alpe di Brusino e Serpiano, da dove \u00e8 possibile scendere fino al lago con la <strong><a style=\"color: #dd9d73\" href=\"https:\/\/www.serpiano.ch\/funivia\/\">Funivia<\/a><\/strong>.<\/p>\r\n&nbsp;\r\n<p style=\"text-align: left\">Alle pendici della montagna i villaggi di Tremona, Besazio, Arzo e Meride, protetto a livello Federale dagli anni \u201970, mantengono ancora un\u2019atmosfera autentica nei loro nuclei, completando l\u2019offerta turistica e culturale anche a livello enogastronomico con i tipici Grotti.<\/p><\/div><\/section><section id=\"flora-fauna\" style=\"background-color:\"class=\"BlockWrapperContainer NormalBlock BlockWrapperGruppoMedia  DefaultMarginTop NoMarginBottom NoPaddingBottom NoPaddingTop FullWidth  NoMargin\"><div class=\"BlockSlider\"><div class=\"BlockSlingleSlide\" style=\"background-image:url(https:\/\/castellanaturalmente.ch\/wp-content\/uploads\/2023\/02\/flora-1.png)\"><\/div><div class=\"BlockSlingleSlide\" style=\"background-image:url(https:\/\/castellanaturalmente.ch\/wp-content\/uploads\/2023\/02\/flora-2.png)\"><\/div><div class=\"BlockSlingleSlide\" style=\"background-image:url(https:\/\/castellanaturalmente.ch\/wp-content\/uploads\/2023\/02\/flora-3.jpg)\"><\/div><\/div>\t\t<div class=\"BlockContent\">\n\t\t\t\t\t\t<div style=\"color:\" class=\"BlockTitolo\">Flora<\/div>\n\t\t\t<div style=\"color:\" class=\"BlockSottotitolo\"><\/div>\n\t\t\t<div style=\"color:\" class=\"BlockText TextFont18\"><p>Il Monte San Giorgio ospita una vegetazione variegata con boschi di castagni, querce, faggi e agrifogli e alcune specie protette di fiori, tra cui il gladiolo piemontese (Gladiolous imbricatus) e la campanella odorosa (Adenophora liliifolia), entrambe con fioritura in giugno\/luglio. I sottoboschi sono ricchi di aglio orsino e di lonchite (un tipo di felce rara) e degna di nota \u00e8 anche la variet\u00e0 di funghi presenti (sono state censite oltre 1051 specie differenti).<\/p>\n<\/div>\n\t\t\t\t\t\t\t\t<\/div>\n\t\t<\/section><section  style=\"background-color:\"class=\"BlockWrapperContainer ReverseBlock BlockWrapperGruppoMedia  NoMarginTop NoMarginBottom NoPaddingBottom NoPaddingTop FullWidth  NoMargin\"><div class=\"BlockSlider\"><div class=\"BlockSlingleSlide\" style=\"background-image:url(https:\/\/castellanaturalmente.ch\/wp-content\/uploads\/2023\/02\/fauna-1.jpg)\"><\/div><div class=\"BlockSlingleSlide\" style=\"background-image:url(https:\/\/castellanaturalmente.ch\/wp-content\/uploads\/2023\/02\/fauna-2.jpg)\"><\/div><div class=\"BlockSlingleSlide\" style=\"background-image:url(https:\/\/castellanaturalmente.ch\/wp-content\/uploads\/2023\/02\/fauna-3.jpg)\"><\/div><\/div>\t\t<div class=\"BlockContent\">\n\t\t\t\t\t\t<div style=\"color:\" class=\"BlockTitolo\">Fauna<\/div>\n\t\t\t<div style=\"color:\" class=\"BlockSottotitolo\"><\/div>\n\t\t\t<div style=\"color:\" class=\"BlockText TextFont18\"><p>Poich\u00e9 il patrimonio naturale presente sul Monte San Giorgio \u00e8 rimasto pressoch\u00e9 intatto, \u00e8 l\u2019habitat ideale per molte specie animali. Non di rado vi capiter\u00e0 di incontrare le tracce di cervi, cinghiali, caprioli e volpi e di ammirare la magia delle lucciole, il canto di svariati uccelli, oltre che la bellezza dell\u2019airone cenerino e della salamandra. Inoltre, la Rana di Lataste, specie esclusiva del Ticino meridionale, depone le sue uova nelle prossimit\u00e0 del Torrente Gaggiolo, il quale ha origine alle pendici del Monte San Giorgio e si estende oltreconfine, attraversando il Parco Valle del Lanza.<\/p>\n<\/div>\n\t\t\t\t\t\t\t\t<\/div>\n\t\t<\/section><section  style=\"background-color:;\" class=\"BlockWrapperContainer TitoloPulsanteBlock '  DefaultMarginTop DefaultMarginBottom NoPaddingBottom NoPaddingTop SiteWidth'\">\n\t\t<div style=\"color:\" class=\"TitoloContainer\">\n\t\tScopri le attivit\u00e0  sul territorio\t<\/div>\n\t\t\t\t<a style=\"background-color: !important; color:\" class=\"MainButton MainButtonRosa\" href=\"\">\n\t\tScopri di pi\u00f9\t<\/a>\n\t<\/section>\n<section  class=\"BlockWrapperContainer ImmagineTestoImmagine DefaultPaddingTop DefaultPaddingBottom FullWidth   \" style=\"background-color:#f7f0e6;\">\n\n\t<div class=\"ImmagineTestoImmagineCol ImmagineTestoImmagineCol_1\">\n\t\t<img alt=\"Ca.Stella &amp; Camping del Monte San Giorgio Sagl-campeggio\"src=\"https:\/\/castellanaturalmente.ch\/wp-content\/uploads\/2023\/06\/footer_cavallo.png\"\/>\n\t<\/div>\n\t<div class=\"ImmagineTestoImmagineCol BlockTestoCol\">\n\t\t<p style=\"text-align: center;\">Do you want to <strong>know more <\/strong>about the social enterprise?<br \/>\nOr become a <strong>partner?<br \/>\n<\/strong>Let&#8217;s talk about!<\/p>\n\t\t<a href=\"https:\/\/thelisresa.webcamp.fr\/formulaire.php?TYPE_CAMPING=1&#038;TYPE_LOCATION=2&#038;camping=meridetcs&#038;lang=en&#038;custom-c1=A4ADAD&#038;custom-c2=619005&#038;simpleSearch=0&#038;duration=7&#038;typecamping=0&#038;typelocation=1&#038;type=2&#038;button=bookingButton&#038;quantity=3&#038;oldSchool=0&#038;noStyle=0&#038;noStyle=0&#038;noStyle=0&#038;noStyle=0&#038;noStyle=0&#038;polaroid=1&#038;fromWidget=1&#038;mode=modal&#038;PHPSESSID=i53tr4k5j3rd58b3ukm1gmmgv5\" class=\"MainButton\">\n\t\t\tCONTACT US\t\t<\/a>\n\t<\/div>\n\t<div class=\"ImmagineTestoImmagineCol ImmagineTestoImmagineCol_2\">\n\t\t<img decoding=\"async\" alt=\"Ca.Stella &amp; Camping del Monte San Giorgio Sagl - Tenda\" src=\"https:\/\/castellanaturalmente.ch\/wp-content\/uploads\/2023\/06\/footer_pet-therapy.png\"\/>\n\t<\/div>\n<\/section>","protected":false},"excerpt":{"rendered":"","protected":false},"author":1,"featured_media":764,"parent":0,"menu_order":0,"comment_status":"closed","ping_status":"closed","template":"","meta":{"_acf_changed":false,"footnotes":""},"class_list":["post-2178","page","type-page","status-publish","has-post-thumbnail","hentry"],"acf":[],"yoast_head":"<!-- This site is optimized with the Yoast SEO plugin v27.3 - https:\/\/yoast.com\/product\/yoast-seo-wordpress\/ -->\n<title>Monte San Giorgio, a UNESCO World Heritage Site - Naturalmente<\/title>\n<meta name=\"robots\" content=\"index, follow, max-snippet:-1, max-image-preview:large, max-video-preview:-1\" \/>\n<link rel=\"canonical\" href=\"https:\/\/castellanaturalmente.ch\/en\/monte-san-giorgio-a-unesco-world-heritage-site\/\" \/>\n<meta property=\"og:locale\" content=\"en_US\" \/>\n<meta property=\"og:type\" content=\"article\" \/>\n<meta property=\"og:title\" content=\"Monte San Giorgio, a UNESCO World Heritage Site - Naturalmente\" \/>\n<meta property=\"og:url\" content=\"https:\/\/castellanaturalmente.ch\/en\/monte-san-giorgio-a-unesco-world-heritage-site\/\" \/>\n<meta property=\"og:site_name\" content=\"Naturalmente\" \/>\n<meta property=\"article:modified_time\" content=\"2024-02-29T11:08:30+00:00\" \/>\n<meta property=\"og:image\" content=\"https:\/\/castellanaturalmente.ch\/wp-content\/uploads\/2023\/02\/Monte-1024x346.png\" \/>\n\t<meta property=\"og:image:width\" content=\"1024\" \/>\n\t<meta property=\"og:image:height\" content=\"346\" \/>\n\t<meta property=\"og:image:type\" content=\"image\/png\" \/>\n<meta name=\"twitter:card\" content=\"summary_large_image\" \/>\n<script type=\"application\/ld+json\" class=\"yoast-schema-graph\">{\"@context\":\"https:\\\/\\\/schema.org\",\"@graph\":[{\"@type\":\"WebPage\",\"@id\":\"https:\\\/\\\/castellanaturalmente.ch\\\/en\\\/monte-san-giorgio-a-unesco-world-heritage-site\\\/\",\"url\":\"https:\\\/\\\/castellanaturalmente.ch\\\/en\\\/monte-san-giorgio-a-unesco-world-heritage-site\\\/\",\"name\":\"Monte San Giorgio, a UNESCO World Heritage Site - Naturalmente\",\"isPartOf\":{\"@id\":\"https:\\\/\\\/castellanaturalmente.ch\\\/en\\\/#website\"},\"primaryImageOfPage\":{\"@id\":\"https:\\\/\\\/castellanaturalmente.ch\\\/en\\\/monte-san-giorgio-a-unesco-world-heritage-site\\\/#primaryimage\"},\"image\":{\"@id\":\"https:\\\/\\\/castellanaturalmente.ch\\\/en\\\/monte-san-giorgio-a-unesco-world-heritage-site\\\/#primaryimage\"},\"thumbnailUrl\":\"https:\\\/\\\/castellanaturalmente.ch\\\/wp-content\\\/uploads\\\/2023\\\/02\\\/Monte.png\",\"datePublished\":\"2023-02-09T08:17:45+00:00\",\"dateModified\":\"2024-02-29T11:08:30+00:00\",\"breadcrumb\":{\"@id\":\"https:\\\/\\\/castellanaturalmente.ch\\\/en\\\/monte-san-giorgio-a-unesco-world-heritage-site\\\/#breadcrumb\"},\"inLanguage\":\"en-US\",\"potentialAction\":[{\"@type\":\"ReadAction\",\"target\":[\"https:\\\/\\\/castellanaturalmente.ch\\\/en\\\/monte-san-giorgio-a-unesco-world-heritage-site\\\/\"]}]},{\"@type\":\"ImageObject\",\"inLanguage\":\"en-US\",\"@id\":\"https:\\\/\\\/castellanaturalmente.ch\\\/en\\\/monte-san-giorgio-a-unesco-world-heritage-site\\\/#primaryimage\",\"url\":\"https:\\\/\\\/castellanaturalmente.ch\\\/wp-content\\\/uploads\\\/2023\\\/02\\\/Monte.png\",\"contentUrl\":\"https:\\\/\\\/castellanaturalmente.ch\\\/wp-content\\\/uploads\\\/2023\\\/02\\\/Monte.png\",\"width\":1920,\"height\":649},{\"@type\":\"BreadcrumbList\",\"@id\":\"https:\\\/\\\/castellanaturalmente.ch\\\/en\\\/monte-san-giorgio-a-unesco-world-heritage-site\\\/#breadcrumb\",\"itemListElement\":[{\"@type\":\"ListItem\",\"position\":1,\"name\":\"Home\",\"item\":\"https:\\\/\\\/castellanaturalmente.ch\\\/en\\\/\"},{\"@type\":\"ListItem\",\"position\":2,\"name\":\"Monte San Giorgio, a UNESCO World Heritage Site\"}]},{\"@type\":\"WebSite\",\"@id\":\"https:\\\/\\\/castellanaturalmente.ch\\\/en\\\/#website\",\"url\":\"https:\\\/\\\/castellanaturalmente.ch\\\/en\\\/\",\"name\":\"Naturalmente\",\"description\":\"\",\"publisher\":{\"@id\":\"https:\\\/\\\/castellanaturalmente.ch\\\/en\\\/#organization\"},\"potentialAction\":[{\"@type\":\"SearchAction\",\"target\":{\"@type\":\"EntryPoint\",\"urlTemplate\":\"https:\\\/\\\/castellanaturalmente.ch\\\/en\\\/?s={search_term_string}\"},\"query-input\":{\"@type\":\"PropertyValueSpecification\",\"valueRequired\":true,\"valueName\":\"search_term_string\"}}],\"inLanguage\":\"en-US\"},{\"@type\":\"Organization\",\"@id\":\"https:\\\/\\\/castellanaturalmente.ch\\\/en\\\/#organization\",\"name\":\"Naturalmente\",\"url\":\"https:\\\/\\\/castellanaturalmente.ch\\\/en\\\/\",\"logo\":{\"@type\":\"ImageObject\",\"inLanguage\":\"en-US\",\"@id\":\"https:\\\/\\\/castellanaturalmente.ch\\\/en\\\/#\\\/schema\\\/logo\\\/image\\\/\",\"url\":\"https:\\\/\\\/castellanaturalmente.ch\\\/wp-content\\\/uploads\\\/2023\\\/02\\\/Screenshot-2023-02-13-alle-08.55.23.png\",\"contentUrl\":\"https:\\\/\\\/castellanaturalmente.ch\\\/wp-content\\\/uploads\\\/2023\\\/02\\\/Screenshot-2023-02-13-alle-08.55.23.png\",\"width\":510,\"height\":389,\"caption\":\"Naturalmente\"},\"image\":{\"@id\":\"https:\\\/\\\/castellanaturalmente.ch\\\/en\\\/#\\\/schema\\\/logo\\\/image\\\/\"}}]}<\/script>\n<!-- \/ Yoast SEO plugin. -->","yoast_head_json":{"title":"Monte San Giorgio, a UNESCO World Heritage Site - Naturalmente","robots":{"index":"index","follow":"follow","max-snippet":"max-snippet:-1","max-image-preview":"max-image-preview:large","max-video-preview":"max-video-preview:-1"},"canonical":"https:\/\/castellanaturalmente.ch\/en\/monte-san-giorgio-a-unesco-world-heritage-site\/","og_locale":"en_US","og_type":"article","og_title":"Monte San Giorgio, a UNESCO World Heritage Site - Naturalmente","og_url":"https:\/\/castellanaturalmente.ch\/en\/monte-san-giorgio-a-unesco-world-heritage-site\/","og_site_name":"Naturalmente","article_modified_time":"2024-02-29T11:08:30+00:00","og_image":[{"width":1024,"height":346,"url":"https:\/\/castellanaturalmente.ch\/wp-content\/uploads\/2023\/02\/Monte-1024x346.png","type":"image\/png"}],"twitter_card":"summary_large_image","schema":{"@context":"https:\/\/schema.org","@graph":[{"@type":"WebPage","@id":"https:\/\/castellanaturalmente.ch\/en\/monte-san-giorgio-a-unesco-world-heritage-site\/","url":"https:\/\/castellanaturalmente.ch\/en\/monte-san-giorgio-a-unesco-world-heritage-site\/","name":"Monte San Giorgio, a UNESCO World Heritage Site - Naturalmente","isPartOf":{"@id":"https:\/\/castellanaturalmente.ch\/en\/#website"},"primaryImageOfPage":{"@id":"https:\/\/castellanaturalmente.ch\/en\/monte-san-giorgio-a-unesco-world-heritage-site\/#primaryimage"},"image":{"@id":"https:\/\/castellanaturalmente.ch\/en\/monte-san-giorgio-a-unesco-world-heritage-site\/#primaryimage"},"thumbnailUrl":"https:\/\/castellanaturalmente.ch\/wp-content\/uploads\/2023\/02\/Monte.png","datePublished":"2023-02-09T08:17:45+00:00","dateModified":"2024-02-29T11:08:30+00:00","breadcrumb":{"@id":"https:\/\/castellanaturalmente.ch\/en\/monte-san-giorgio-a-unesco-world-heritage-site\/#breadcrumb"},"inLanguage":"en-US","potentialAction":[{"@type":"ReadAction","target":["https:\/\/castellanaturalmente.ch\/en\/monte-san-giorgio-a-unesco-world-heritage-site\/"]}]},{"@type":"ImageObject","inLanguage":"en-US","@id":"https:\/\/castellanaturalmente.ch\/en\/monte-san-giorgio-a-unesco-world-heritage-site\/#primaryimage","url":"https:\/\/castellanaturalmente.ch\/wp-content\/uploads\/2023\/02\/Monte.png","contentUrl":"https:\/\/castellanaturalmente.ch\/wp-content\/uploads\/2023\/02\/Monte.png","width":1920,"height":649},{"@type":"BreadcrumbList","@id":"https:\/\/castellanaturalmente.ch\/en\/monte-san-giorgio-a-unesco-world-heritage-site\/#breadcrumb","itemListElement":[{"@type":"ListItem","position":1,"name":"Home","item":"https:\/\/castellanaturalmente.ch\/en\/"},{"@type":"ListItem","position":2,"name":"Monte San Giorgio, a UNESCO World Heritage Site"}]},{"@type":"WebSite","@id":"https:\/\/castellanaturalmente.ch\/en\/#website","url":"https:\/\/castellanaturalmente.ch\/en\/","name":"Naturalmente","description":"","publisher":{"@id":"https:\/\/castellanaturalmente.ch\/en\/#organization"},"potentialAction":[{"@type":"SearchAction","target":{"@type":"EntryPoint","urlTemplate":"https:\/\/castellanaturalmente.ch\/en\/?s={search_term_string}"},"query-input":{"@type":"PropertyValueSpecification","valueRequired":true,"valueName":"search_term_string"}}],"inLanguage":"en-US"},{"@type":"Organization","@id":"https:\/\/castellanaturalmente.ch\/en\/#organization","name":"Naturalmente","url":"https:\/\/castellanaturalmente.ch\/en\/","logo":{"@type":"ImageObject","inLanguage":"en-US","@id":"https:\/\/castellanaturalmente.ch\/en\/#\/schema\/logo\/image\/","url":"https:\/\/castellanaturalmente.ch\/wp-content\/uploads\/2023\/02\/Screenshot-2023-02-13-alle-08.55.23.png","contentUrl":"https:\/\/castellanaturalmente.ch\/wp-content\/uploads\/2023\/02\/Screenshot-2023-02-13-alle-08.55.23.png","width":510,"height":389,"caption":"Naturalmente"},"image":{"@id":"https:\/\/castellanaturalmente.ch\/en\/#\/schema\/logo\/image\/"}}]}},"_links":{"self":[{"href":"https:\/\/castellanaturalmente.ch\/en\/wp-json\/wp\/v2\/pages\/2178","targetHints":{"allow":["GET"]}}],"collection":[{"href":"https:\/\/castellanaturalmente.ch\/en\/wp-json\/wp\/v2\/pages"}],"about":[{"href":"https:\/\/castellanaturalmente.ch\/en\/wp-json\/wp\/v2\/types\/page"}],"author":[{"embeddable":true,"href":"https:\/\/castellanaturalmente.ch\/en\/wp-json\/wp\/v2\/users\/1"}],"replies":[{"embeddable":true,"href":"https:\/\/castellanaturalmente.ch\/en\/wp-json\/wp\/v2\/comments?post=2178"}],"version-history":[{"count":5,"href":"https:\/\/castellanaturalmente.ch\/en\/wp-json\/wp\/v2\/pages\/2178\/revisions"}],"predecessor-version":[{"id":6681,"href":"https:\/\/castellanaturalmente.ch\/en\/wp-json\/wp\/v2\/pages\/2178\/revisions\/6681"}],"wp:featuredmedia":[{"embeddable":true,"href":"https:\/\/castellanaturalmente.ch\/en\/wp-json\/wp\/v2\/media\/764"}],"wp:attachment":[{"href":"https:\/\/castellanaturalmente.ch\/en\/wp-json\/wp\/v2\/media?parent=2178"}],"curies":[{"name":"wp","href":"https:\/\/api.w.org\/{rel}","templated":true}]}}